{"id":290,"date":"2023-08-23T08:57:18","date_gmt":"2023-08-23T08:57:18","guid":{"rendered":"https:\/\/masialesbrases.com\/sobre-nosaltres\/"},"modified":"2025-07-09T07:34:20","modified_gmt":"2025-07-09T07:34:20","slug":"sobre-nosaltres","status":"publish","type":"page","link":"https:\/\/masialesbrases.com\/ca\/sobre-nosaltres\/","title":{"rendered":"Sobre Nosaltres"},"content":{"rendered":"<p>[et_pb_section fb_built=&#8221;1&#8243; admin_label=&#8221;Header&#8221; _builder_version=&#8221;4.22.1&#8243; _module_preset=&#8221;default&#8221; custom_padding=&#8221;0px||||false|false&#8221; hover_enabled=&#8221;0&#8243; collapsed=&#8221;on&#8221; global_colors_info=&#8221;{}&#8221; custom_padding_last_edited=&#8221;on|phone&#8221; custom_padding_phone=&#8221;0px||0px||false|false&#8221; sticky_enabled=&#8221;0&#8243; custom_padding_tablet=&#8221;0px||||false|false&#8221;][et_pb_row make_equal=&#8221;on&#8221; _builder_version=&#8221;4.17.4&#8243; _module_preset=&#8221;default&#8221; locked=&#8221;off&#8221; global_colors_info=&#8221;{}&#8221;][et_pb_column type=&#8221;4_4&#8243; _builder_version=&#8221;4.17.4&#8243; _module_preset=&#8221;default&#8221; custom_padding=&#8221;10%|10%|10%|10%|true|true&#8221; custom_padding_tablet=&#8221;30px|30px|30px|30px|true|true&#8221; custom_padding_phone=&#8221;20px|20px|20px|20px|true|true&#8221; custom_padding_last_edited=&#8221;on|phone&#8221; global_colors_info=&#8221;{}&#8221;][et_pb_text _builder_version=&#8221;4.22.1&#8243; _module_preset=&#8221;e6504a1b-67eb-4b3d-b023-bcab277610b6&#8243; text_font=&#8221;||||||||&#8221; header_4_font=&#8221;|700||on|||||&#8221; header_4_text_color=&#8221;#DEC48D&#8221; header_4_font_size=&#8221;14px&#8221; header_4_letter_spacing=&#8221;0.15em&#8221; header_4_line_height=&#8221;1.5em&#8221; text_orientation=&#8221;center&#8221; custom_margin=&#8221;||0px||false|false&#8221; global_colors_info=&#8221;{}&#8221;]<\/p>\n<h4>Les brases<\/h4>\n<p>[\/et_pb_text][et_pb_text _builder_version=&#8221;4.22.1&#8243; _module_preset=&#8221;c16985e1-e0d6-4022-964d-e2bfc04fa633&#8243; text_font=&#8221;||||||||&#8221; header_font=&#8221;|600|||||||&#8221; header_text_color=&#8221;#000000&#8243; header_font_size=&#8221;80px&#8221; header_4_text_color=&#8221;#DEC48D&#8221; text_orientation=&#8221;center&#8221; header_font_size_tablet=&#8221;40px&#8221; header_font_size_phone=&#8221;24px&#8221; header_font_size_last_edited=&#8221;on|desktop&#8221; global_colors_info=&#8221;{}&#8221;]<\/p>\n<h1>Sobre nosaltres<\/h1>\n<p>[\/et_pb_text][\/et_pb_column][\/et_pb_row][et_pb_row column_structure=&#8221;1_2,1_2&#8243; use_custom_gutter=&#8221;on&#8221; gutter_width=&#8221;1&#8243; make_equal=&#8221;on&#8221; _builder_version=&#8221;4.22.1&#8243; _module_preset=&#8221;default&#8221; global_colors_info=&#8221;{}&#8221;][et_pb_column type=&#8221;1_2&#8243; _builder_version=&#8221;4.22.1&#8243; _module_preset=&#8221;default&#8221; background_image=&#8221;https:\/\/masialesbrases.com\/wp-content\/uploads\/2023\/09\/sobreN.jpg&#8221; global_colors_info=&#8221;{}&#8221;][et_pb_divider show_divider=&#8221;off&#8221; _builder_version=&#8221;4.21.0&#8243; _module_preset=&#8221;default&#8221; height_tablet=&#8221;40vw&#8221; height_phone=&#8221;40vw&#8221; height_last_edited=&#8221;on|phone&#8221; locked=&#8221;off&#8221; global_colors_info=&#8221;{}&#8221;][\/et_pb_divider][\/et_pb_column][et_pb_column type=&#8221;1_2&#8243; _builder_version=&#8221;4.21.0&#8243; _module_preset=&#8221;default&#8221; background_color=&#8221;gcid-0dd65ac1-b501-41d8-8d6b-bb3a9daf5c2a&#8221; custom_padding=&#8221;80px|60px|80px|60px|true|true&#8221; custom_padding_tablet=&#8221;40px|30px|40px|30px|true|true&#8221; custom_padding_phone=&#8221;30px|20px|30px|20px|true|true&#8221; custom_padding_last_edited=&#8221;on|phone&#8221; global_colors_info=&#8221;{%22gcid-0dd65ac1-b501-41d8-8d6b-bb3a9daf5c2a%22:%91%22background_color%22%93}&#8221;][et_pb_text _builder_version=&#8221;4.22.1&#8243; _module_preset=&#8221;182d0733-82cd-445f-bc4b-b3170b01f065&#8243; header_2_font=&#8221;||||||||&#8221; header_2_font_size=&#8221;45px&#8221; background_layout=&#8221;dark&#8221; custom_margin=&#8221;||30px||false|false&#8221; global_colors_info=&#8221;{}&#8221;]<\/p>\n<h2>La nostra hist\u00f2ria<\/h2>\n<p>[\/et_pb_text][et_pb_text _builder_version=&#8221;4.22.1&#8243; _module_preset=&#8221;b268ef38-7b74-4e8c-960b-a6a254df6b36&#8243; text_text_color=&#8221;#FFFFFF&#8221; custom_margin=&#8221;||||false|false&#8221; locked=&#8221;off&#8221; global_colors_info=&#8221;{}&#8221;]<\/p>\n<p><span>L&#8217;aroma de brases i l&#8217;ess\u00e8ncia de la bona companyia s\u00f3n els pilars que sustenten l&#8217;ess\u00e8ncia de Masia Les Brases des dels inicis, un llegat que avui perdura amb m\u00e9s for\u00e7a que mai.<\/span><\/p>\n<p>[\/et_pb_text][\/et_pb_column][\/et_pb_row][\/et_pb_section][et_pb_section fb_built=&#8221;1&#8243; admin_label=&#8221;About&#8221; _builder_version=&#8221;4.22.1&#8243; _module_preset=&#8221;default&#8221; hover_enabled=&#8221;0&#8243; collapsed=&#8221;on&#8221; global_colors_info=&#8221;{}&#8221; custom_padding_last_edited=&#8221;on|phone&#8221; sticky_enabled=&#8221;0&#8243; custom_padding_phone=&#8221;||0px||false|false&#8221;][et_pb_row column_structure=&#8221;1_2,1_2&#8243; _builder_version=&#8221;4.22.1&#8243; _module_preset=&#8221;default&#8221; global_colors_info=&#8221;{}&#8221;][et_pb_column type=&#8221;1_2&#8243; _builder_version=&#8221;4.21.0&#8243; _module_preset=&#8221;default&#8221; global_colors_info=&#8221;{}&#8221;][et_pb_text _builder_version=&#8221;4.22.1&#8243; _module_preset=&#8221;a122f80b-7fa4-400a-85c4-416a4c0a75a1&#8243; global_colors_info=&#8221;{}&#8221;]<\/p>\n<h3>Com ho vam fer?<\/h3>\n<p>[\/et_pb_text][et_pb_text _builder_version=&#8221;4.22.1&#8243; _module_preset=&#8221;b268ef38-7b74-4e8c-960b-a6a254df6b36&#8243; custom_margin=&#8221;||30px||false|false&#8221; locked=&#8221;off&#8221; global_colors_info=&#8221;{}&#8221;]<\/p>\n<p><span>A Brasas La Masia, cada plat \u00e9s una hist\u00f2ria de passi\u00f3 i dedicaci\u00f3 culin\u00e0ria. Des de la selecci\u00f3 meticulosa dels ingredients frescos fins al cur\u00f3s proc\u00e9s de preparaci\u00f3 a les nostres brases ardents, cada detall compta. El nostre comprom\u00eds \u00e9s oferir-te una experi\u00e8ncia gastron\u00f2mica que transcendeixi el paladar, que et transporti a un lloc on el menjar \u00e9s m\u00e9s que nutrici\u00f3, \u00e9s un delit per als sentits. <\/span><\/p>\n<p>[\/et_pb_text][\/et_pb_column][et_pb_column type=&#8221;1_2&#8243; _builder_version=&#8221;4.21.0&#8243; _module_preset=&#8221;default&#8221; global_colors_info=&#8221;{}&#8221;][et_pb_text _builder_version=&#8221;4.22.1&#8243; _module_preset=&#8221;a122f80b-7fa4-400a-85c4-416a4c0a75a1&#8243; locked=&#8221;off&#8221; global_colors_info=&#8221;{}&#8221;]<\/p>\n<h3>El nostre negoci<\/h3>\n<p>[\/et_pb_text][et_pb_text _builder_version=&#8221;4.22.1&#8243; _module_preset=&#8221;b268ef38-7b74-4e8c-960b-a6a254df6b36&#8243; custom_margin=&#8221;||30px||false|false&#8221; locked=&#8221;off&#8221; global_colors_info=&#8221;{}&#8221;]<\/p>\n<p>A El nostre Negoci, l&#8217;autenticitat i el que \u00e9s casol\u00e0 es fusionen a cada plat. Cada mos \u00e9s una experi\u00e8ncia genu\u00efna, una mostra de la nostra passi\u00f3 pel menjar tradicional. Veuen i prova el sabor de l&#8217;autenticitat.<\/p>\n<p>[\/et_pb_text][\/et_pb_column][\/et_pb_row][\/et_pb_section]<\/p>\n","protected":false},"excerpt":{"rendered":"<p>Les brasesSobre nosaltresLa nostra hist\u00f2riaL&#8217;aroma de brases i l&#8217;ess\u00e8ncia de la bona companyia s\u00f3n els pilars que sustenten l&#8217;ess\u00e8ncia de Masia Les Brases des dels inicis, un llegat que avui perdura amb m\u00e9s for\u00e7a que mai.Com ho vam fer?A Brasas La Masia, cada plat \u00e9s una hist\u00f2ria de passi\u00f3 i dedicaci\u00f3 culin\u00e0ria. Des de la [&hellip;]<\/p>\n","protected":false},"author":1,"featured_media":0,"parent":0,"menu_order":0,"comment_status":"closed","ping_status":"closed","template":"","meta":{"_et_pb_use_builder":"on","_et_pb_old_content":"","_et_gb_content_width":"","footnotes":""},"class_list":["post-290","page","type-page","status-publish","hentry"],"yoast_head":"<!-- This site is optimized with the Yoast SEO plugin v27.3 - https:\/\/yoast.com\/product\/yoast-seo-wordpress\/ -->\n<title>Sobre Nosaltres - Masia Les Brases<\/title>\n<meta name=\"robots\" content=\"index, follow, max-snippet:-1, max-image-preview:large, max-video-preview:-1\" \/>\n<link rel=\"canonical\" href=\"https:\/\/masialesbrases.com\/ca\/sobre-nosaltres\/\" \/>\n<meta property=\"og:locale\" content=\"ca_ES\" \/>\n<meta property=\"og:type\" content=\"article\" \/>\n<meta property=\"og:title\" content=\"Sobre Nosaltres - Masia Les Brases\" \/>\n<meta property=\"og:description\" content=\"Les brasesSobre nosaltresLa nostra hist\u00f2riaL&#039;aroma de brases i l&#039;ess\u00e8ncia de la bona companyia s\u00f3n els pilars que sustenten l&#039;ess\u00e8ncia de Masia Les Brases des dels inicis, un llegat que avui perdura amb m\u00e9s for\u00e7a que mai.Com ho vam fer?A Brasas La Masia, cada plat \u00e9s una hist\u00f2ria de passi\u00f3 i dedicaci\u00f3 culin\u00e0ria. Des de la [&hellip;]\" \/>\n<meta property=\"og:url\" content=\"https:\/\/masialesbrases.com\/ca\/sobre-nosaltres\/\" \/>\n<meta property=\"og:site_name\" content=\"Masia Les Brases\" \/>\n<meta property=\"article:modified_time\" content=\"2025-07-09T07:34:20+00:00\" \/>\n<meta name=\"twitter:card\" content=\"summary_large_image\" \/>\n<meta name=\"twitter:label1\" content=\"Temps estimat de lectura\" \/>\n\t<meta name=\"twitter:data1\" content=\"4 minuts\" \/>\n<script type=\"application\/ld+json\" class=\"yoast-schema-graph\">{\"@context\":\"https:\\\/\\\/schema.org\",\"@graph\":[{\"@type\":\"WebPage\",\"@id\":\"https:\\\/\\\/masialesbrases.com\\\/ca\\\/sobre-nosaltres\\\/\",\"url\":\"https:\\\/\\\/masialesbrases.com\\\/ca\\\/sobre-nosaltres\\\/\",\"name\":\"Sobre Nosaltres - Masia Les Brases\",\"isPartOf\":{\"@id\":\"https:\\\/\\\/masialesbrases.com\\\/#website\"},\"datePublished\":\"2023-08-23T08:57:18+00:00\",\"dateModified\":\"2025-07-09T07:34:20+00:00\",\"breadcrumb\":{\"@id\":\"https:\\\/\\\/masialesbrases.com\\\/ca\\\/sobre-nosaltres\\\/#breadcrumb\"},\"inLanguage\":\"ca\",\"potentialAction\":[{\"@type\":\"ReadAction\",\"target\":[\"https:\\\/\\\/masialesbrases.com\\\/ca\\\/sobre-nosaltres\\\/\"]}]},{\"@type\":\"BreadcrumbList\",\"@id\":\"https:\\\/\\\/masialesbrases.com\\\/ca\\\/sobre-nosaltres\\\/#breadcrumb\",\"itemListElement\":[{\"@type\":\"ListItem\",\"position\":1,\"name\":\"Portada\",\"item\":\"https:\\\/\\\/masialesbrases.com\\\/ca\\\/\"},{\"@type\":\"ListItem\",\"position\":2,\"name\":\"Sobre Nosaltres\"}]},{\"@type\":\"WebSite\",\"@id\":\"https:\\\/\\\/masialesbrases.com\\\/#website\",\"url\":\"https:\\\/\\\/masialesbrases.com\\\/\",\"name\":\"Masia Les Brases\",\"description\":\"Men\u00fas i carns a la brasa al Pened\u00e8s\",\"publisher\":{\"@id\":\"https:\\\/\\\/masialesbrases.com\\\/#organization\"},\"potentialAction\":[{\"@type\":\"SearchAction\",\"target\":{\"@type\":\"EntryPoint\",\"urlTemplate\":\"https:\\\/\\\/masialesbrases.com\\\/?s={search_term_string}\"},\"query-input\":{\"@type\":\"PropertyValueSpecification\",\"valueRequired\":true,\"valueName\":\"search_term_string\"}}],\"inLanguage\":\"ca\"},{\"@type\":\"Organization\",\"@id\":\"https:\\\/\\\/masialesbrases.com\\\/#organization\",\"name\":\"Masia Les Brases\",\"url\":\"https:\\\/\\\/masialesbrases.com\\\/\",\"logo\":{\"@type\":\"ImageObject\",\"inLanguage\":\"ca\",\"@id\":\"https:\\\/\\\/masialesbrases.com\\\/#\\\/schema\\\/logo\\\/image\\\/\",\"url\":\"https:\\\/\\\/masialesbrases.com\\\/wp-content\\\/uploads\\\/2023\\\/08\\\/cropped-tunante.png\",\"contentUrl\":\"https:\\\/\\\/masialesbrases.com\\\/wp-content\\\/uploads\\\/2023\\\/08\\\/cropped-tunante.png\",\"width\":512,\"height\":512,\"caption\":\"Masia Les Brases\"},\"image\":{\"@id\":\"https:\\\/\\\/masialesbrases.com\\\/#\\\/schema\\\/logo\\\/image\\\/\"}}]}<\/script>\n<!-- \/ Yoast SEO plugin. -->","yoast_head_json":{"title":"Sobre Nosaltres - Masia Les Brases","robots":{"index":"index","follow":"follow","max-snippet":"max-snippet:-1","max-image-preview":"max-image-preview:large","max-video-preview":"max-video-preview:-1"},"canonical":"https:\/\/masialesbrases.com\/ca\/sobre-nosaltres\/","og_locale":"ca_ES","og_type":"article","og_title":"Sobre Nosaltres - Masia Les Brases","og_description":"Les brasesSobre nosaltresLa nostra hist\u00f2riaL'aroma de brases i l'ess\u00e8ncia de la bona companyia s\u00f3n els pilars que sustenten l'ess\u00e8ncia de Masia Les Brases des dels inicis, un llegat que avui perdura amb m\u00e9s for\u00e7a que mai.Com ho vam fer?A Brasas La Masia, cada plat \u00e9s una hist\u00f2ria de passi\u00f3 i dedicaci\u00f3 culin\u00e0ria. Des de la [&hellip;]","og_url":"https:\/\/masialesbrases.com\/ca\/sobre-nosaltres\/","og_site_name":"Masia Les Brases","article_modified_time":"2025-07-09T07:34:20+00:00","twitter_card":"summary_large_image","twitter_misc":{"Temps estimat de lectura":"4 minuts"},"schema":{"@context":"https:\/\/schema.org","@graph":[{"@type":"WebPage","@id":"https:\/\/masialesbrases.com\/ca\/sobre-nosaltres\/","url":"https:\/\/masialesbrases.com\/ca\/sobre-nosaltres\/","name":"Sobre Nosaltres - Masia Les Brases","isPartOf":{"@id":"https:\/\/masialesbrases.com\/#website"},"datePublished":"2023-08-23T08:57:18+00:00","dateModified":"2025-07-09T07:34:20+00:00","breadcrumb":{"@id":"https:\/\/masialesbrases.com\/ca\/sobre-nosaltres\/#breadcrumb"},"inLanguage":"ca","potentialAction":[{"@type":"ReadAction","target":["https:\/\/masialesbrases.com\/ca\/sobre-nosaltres\/"]}]},{"@type":"BreadcrumbList","@id":"https:\/\/masialesbrases.com\/ca\/sobre-nosaltres\/#breadcrumb","itemListElement":[{"@type":"ListItem","position":1,"name":"Portada","item":"https:\/\/masialesbrases.com\/ca\/"},{"@type":"ListItem","position":2,"name":"Sobre Nosaltres"}]},{"@type":"WebSite","@id":"https:\/\/masialesbrases.com\/#website","url":"https:\/\/masialesbrases.com\/","name":"Masia Les Brases","description":"Men\u00fas i carns a la brasa al Pened\u00e8s","publisher":{"@id":"https:\/\/masialesbrases.com\/#organization"},"potentialAction":[{"@type":"SearchAction","target":{"@type":"EntryPoint","urlTemplate":"https:\/\/masialesbrases.com\/?s={search_term_string}"},"query-input":{"@type":"PropertyValueSpecification","valueRequired":true,"valueName":"search_term_string"}}],"inLanguage":"ca"},{"@type":"Organization","@id":"https:\/\/masialesbrases.com\/#organization","name":"Masia Les Brases","url":"https:\/\/masialesbrases.com\/","logo":{"@type":"ImageObject","inLanguage":"ca","@id":"https:\/\/masialesbrases.com\/#\/schema\/logo\/image\/","url":"https:\/\/masialesbrases.com\/wp-content\/uploads\/2023\/08\/cropped-tunante.png","contentUrl":"https:\/\/masialesbrases.com\/wp-content\/uploads\/2023\/08\/cropped-tunante.png","width":512,"height":512,"caption":"Masia Les Brases"},"image":{"@id":"https:\/\/masialesbrases.com\/#\/schema\/logo\/image\/"}}]}},"_links":{"self":[{"href":"https:\/\/masialesbrases.com\/ca\/wp-json\/wp\/v2\/pages\/290","targetHints":{"allow":["GET"]}}],"collection":[{"href":"https:\/\/masialesbrases.com\/ca\/wp-json\/wp\/v2\/pages"}],"about":[{"href":"https:\/\/masialesbrases.com\/ca\/wp-json\/wp\/v2\/types\/page"}],"author":[{"embeddable":true,"href":"https:\/\/masialesbrases.com\/ca\/wp-json\/wp\/v2\/users\/1"}],"replies":[{"embeddable":true,"href":"https:\/\/masialesbrases.com\/ca\/wp-json\/wp\/v2\/comments?post=290"}],"version-history":[{"count":10,"href":"https:\/\/masialesbrases.com\/ca\/wp-json\/wp\/v2\/pages\/290\/revisions"}],"predecessor-version":[{"id":393,"href":"https:\/\/masialesbrases.com\/ca\/wp-json\/wp\/v2\/pages\/290\/revisions\/393"}],"wp:attachment":[{"href":"https:\/\/masialesbrases.com\/ca\/wp-json\/wp\/v2\/media?parent=290"}],"curies":[{"name":"wp","href":"https:\/\/api.w.org\/{rel}","templated":true}]}}